{"id":1345,"date":"2024-11-06T22:40:46","date_gmt":"2024-11-06T22:40:46","guid":{"rendered":"https:\/\/beta7.technodreamcenter.com\/parkswatch.org\/?page_id=1345"},"modified":"2025-02-13T02:03:41","modified_gmt":"2025-02-13T02:03:41","slug":"news-from-the-field","status":"publish","type":"page","link":"https:\/\/beta10.technodreamcenter.com\/parkswatch.org\/news-from-the-field\/","title":{"rendered":"News From The Field"},"content":{"rendered":"\t\t<div data-elementor-type=\"wp-page\" data-elementor-id=\"1345\" class=\"elementor elementor-1345\">\n\t\t\t\t<div class=\"elementor-element elementor-element-71e4829 e-flex e-con-boxed e-con e-child\" data-id=\"71e4829\" data-element_type=\"container\" data-settings=\"{&quot;background_background&quot;:&quot;classic&quot;}\">\n\t\t\t\t\t<div class=\"e-con-inner\">\n\t\t\t\t<div class=\"elementor-element elementor-element-b8d9d74 elementor-widget elementor-widget-page-title\" data-id=\"b8d9d74\" data-element_type=\"widget\" data-settings=\"{&quot;align&quot;:&quot;left&quot;}\" data-widget_type=\"page-title.default\">\n\t\t\t\t<div class=\"elementor-widget-container\">\n\t\t\t\t\t\t\t\n\t\t<div class=\"hfe-page-title hfe-page-title-wrapper elementor-widget-heading\">\n\n\t\t\t\t\t\t\t\t\t\t\t<a href=\"https:\/\/beta10.technodreamcenter.com\/parkswatch.org\">\n\t\t\t\t\t\t<h1 class=\"elementor-heading-title elementor-size-default\">\n\t\t\t\t\t\t\t\t\n\t\t\t\tNews From The Field  \n\t\t\t<\/h1 > \n\t\t\t\t\t\t\t\t\t<\/a>\n\t\t\t\t\t<\/div>\n\t\t\t\t\t\t<\/div>\n\t\t\t\t<\/div>\n\t\t\t\t\t<\/div>\n\t\t\t\t<\/div>\n\t\t<div class=\"elementor-element elementor-element-aa79c9e e-flex e-con-boxed e-con e-parent\" data-id=\"aa79c9e\" data-element_type=\"container\" data-settings=\"{&quot;background_background&quot;:&quot;classic&quot;}\">\n\t\t\t\t\t<div class=\"e-con-inner\">\n\t\t\t\t<div class=\"elementor-element elementor-element-c68c8b7 elementor-grid-4 pp-equal-height-yes elementor-grid-tablet-2 elementor-grid-mobile-1 elementor-widget elementor-widget-pp-posts\" data-id=\"c68c8b7\" data-element_type=\"widget\" data-widget_type=\"pp-posts.card\">\n\t\t\t\t<div class=\"elementor-widget-container\">\n\t\t\t\t\t\t\t<div class=\"pp-posts-container\">\n\t\t\t\n\t\t\t\t\t\t\t\t\t\t\n\t\t\t<div class=\"pp-posts pp-posts-skin-card pp-posts-align-buttons elementor-grid pp-posts-grid\" data-query-type=\"custom\" data-layout=\"grid\" data-page=\"1345\" data-skin=\"card\">\n\t\t\t\t\t\t\t\t\t\t\t<div class=\"pp-post-wrap pp-grid-item-wrap elementor-grid-item post-1827 post type-post status-publish format-standard hentry category-guatemala\">\n\t\t\t\t\t\t<div class=\"pp-post pp-grid-item\">\n\t\t\t\t\n\t\t\t\t\n\t\t\t\t<div class=\"pp-post-content-wrap\">\n\t\t\t\t\t<div class=\"pp-post-content\">\n\t\t\t\t\t\t\t\t\t\t\t\t<h2 class=\"pp-post-title\">\n\t\t\t\t<a href=\"https:\/\/beta10.technodreamcenter.com\/parkswatch.org\/brazil-strengthens-park-service\/\">Brazil Strengthens Park Service<\/a>\t\t\t<\/h2>\n\t\t\t\t\t\t\t<div class=\"pp-post-separator-wrap\">\n\t\t\t\t\t<div class=\"pp-post-separator\"><\/div>\n\t\t\t\t<\/div>\n\t\t\t\t\t\t\t\t\t\t<div class=\"pp-post-meta\">\n\t\t\t\t\t\t\t\t<span class=\"pp-post-date\">\n\t\t\t\t\t\t<span class=\"pp-meta-text\">\n\t\t\t\tFebruary 19, 2025\t\t\t<\/span>\n\t\t<\/span>\n\t\t<span class=\"pp-meta-separator\"><\/span>\n\t\t\t\t\t\t\t<\/div>\n\t\t\t\t\t\t\t<div class=\"pp-post-excerpt\">\n\t\t\t<p> January 2002, IBAMA announced plans to restructure and modernize, after receiving funds from the Brazilian government. The plan includes ...<\/p>\n\t\t<\/div>\n\t\t\t\t\t\t\t\t\t<\/div>\n\t\t\t\t\t\t\t\t\t<a class=\"pp-posts-button elementor-button elementor-size-sm elementor-animation-grow\" href=\"https:\/\/beta10.technodreamcenter.com\/parkswatch.org\/brazil-strengthens-park-service\/\" title=\"Brazil Strengthens Park Service\" aria-label=\"Read more about Brazil Strengthens Park Service\">\n\t\t\t\t\t\t\t\t\t\t<span class=\"pp-button-text\">\n\t\t\t\t\tRead More...\t\t\t\t<\/span>\n\t\t\t\t\t\t\t\t\t<span class=\"pp-button-icon elementor-button-icon elementor-align-icon-right\">\n\t\t\t\t\t\t\t<\/span>\n\t\t\t\t\t<\/a>\n\t\t\t\t\t\t\t\t<\/div>\n\n\t\t\t\t\t\t\t<\/div>\n\t\t\t\t\t<\/div>\n\t\t\t\t<div class=\"pp-post-wrap pp-grid-item-wrap elementor-grid-item post-1822 post type-post status-publish format-standard hentry category-guatemala\">\n\t\t\t\t\t\t<div class=\"pp-post pp-grid-item\">\n\t\t\t\t\n\t\t\t\t\n\t\t\t\t<div class=\"pp-post-content-wrap\">\n\t\t\t\t\t<div class=\"pp-post-content\">\n\t\t\t\t\t\t\t\t\t\t\t\t<h2 class=\"pp-post-title\">\n\t\t\t\t<a href=\"https:\/\/beta10.technodreamcenter.com\/parkswatch.org\/parkswatch-uncovers-project-to-construct-highways-in-the-maya-biosphere-reserve-guatemala\/\">ParksWatch Uncovers Project to Construct Highways in the Maya Biosphere Reserve, Guatemala<\/a>\t\t\t<\/h2>\n\t\t\t\t\t\t\t<div class=\"pp-post-separator-wrap\">\n\t\t\t\t\t<div class=\"pp-post-separator\"><\/div>\n\t\t\t\t<\/div>\n\t\t\t\t\t\t\t\t\t\t<div class=\"pp-post-meta\">\n\t\t\t\t\t\t\t\t<span class=\"pp-post-date\">\n\t\t\t\t\t\t<span class=\"pp-meta-text\">\n\t\t\t\tFebruary 19, 2025\t\t\t<\/span>\n\t\t<\/span>\n\t\t<span class=\"pp-meta-separator\"><\/span>\n\t\t\t\t\t\t\t<\/div>\n\t\t\t\t\t\t\t<div class=\"pp-post-excerpt\">\n\t\t\t<p>Rumors regarding a highway construction project in the Maya Biosphere Reserve have now been verified. After an investigation in August ...<\/p>\n\t\t<\/div>\n\t\t\t\t\t\t\t\t\t<\/div>\n\t\t\t\t\t\t\t\t\t<a class=\"pp-posts-button elementor-button elementor-size-sm elementor-animation-grow\" href=\"https:\/\/beta10.technodreamcenter.com\/parkswatch.org\/parkswatch-uncovers-project-to-construct-highways-in-the-maya-biosphere-reserve-guatemala\/\" title=\"ParksWatch Uncovers Project to Construct Highways in the Maya Biosphere Reserve, Guatemala\" aria-label=\"Read more about ParksWatch Uncovers Project to Construct Highways in the Maya Biosphere Reserve, Guatemala\">\n\t\t\t\t\t\t\t\t\t\t<span class=\"pp-button-text\">\n\t\t\t\t\tRead More...\t\t\t\t<\/span>\n\t\t\t\t\t\t\t\t\t<span class=\"pp-button-icon elementor-button-icon elementor-align-icon-right\">\n\t\t\t\t\t\t\t<\/span>\n\t\t\t\t\t<\/a>\n\t\t\t\t\t\t\t\t<\/div>\n\n\t\t\t\t\t\t\t<\/div>\n\t\t\t\t\t<\/div>\n\t\t\t\t<div class=\"pp-post-wrap pp-grid-item-wrap elementor-grid-item post-1816 post type-post status-publish format-standard hentry category-guatemala\">\n\t\t\t\t\t\t<div class=\"pp-post pp-grid-item\">\n\t\t\t\t\n\t\t\t\t\n\t\t\t\t<div class=\"pp-post-content-wrap\">\n\t\t\t\t\t<div class=\"pp-post-content\">\n\t\t\t\t\t\t\t\t\t\t\t\t<h2 class=\"pp-post-title\">\n\t\t\t\t<a href=\"https:\/\/beta10.technodreamcenter.com\/parkswatch.org\/parkswatch-guatemala-destapa-proyecto-para-construir-carreteras-en-la-reserva-de-la-biosfera-maya\/\">ParksWatch Guatemala Destapa Proyecto para Construir Carreteras en la Reserva de la Biosfera Maya<\/a>\t\t\t<\/h2>\n\t\t\t\t\t\t\t<div class=\"pp-post-separator-wrap\">\n\t\t\t\t\t<div class=\"pp-post-separator\"><\/div>\n\t\t\t\t<\/div>\n\t\t\t\t\t\t\t\t\t\t<div class=\"pp-post-meta\">\n\t\t\t\t\t\t\t\t<span class=\"pp-post-date\">\n\t\t\t\t\t\t<span class=\"pp-meta-text\">\n\t\t\t\tFebruary 19, 2025\t\t\t<\/span>\n\t\t<\/span>\n\t\t<span class=\"pp-meta-separator\"><\/span>\n\t\t\t\t\t\t\t<\/div>\n\t\t\t\t\t\t\t<div class=\"pp-post-excerpt\">\n\t\t\t<p>Hasta hace pocas semanas toda la informaci\u00f3n se basaba en rumores. Una investigaci\u00f3n llevada a cabo por ParksWatch Guatemala ha ...<\/p>\n\t\t<\/div>\n\t\t\t\t\t\t\t\t\t<\/div>\n\t\t\t\t\t\t\t\t\t<a class=\"pp-posts-button elementor-button elementor-size-sm elementor-animation-grow\" href=\"https:\/\/beta10.technodreamcenter.com\/parkswatch.org\/parkswatch-guatemala-destapa-proyecto-para-construir-carreteras-en-la-reserva-de-la-biosfera-maya\/\" title=\"ParksWatch Guatemala Destapa Proyecto para Construir Carreteras en la Reserva de la Biosfera Maya\" aria-label=\"Read more about ParksWatch Guatemala Destapa Proyecto para Construir Carreteras en la Reserva de la Biosfera Maya\">\n\t\t\t\t\t\t\t\t\t\t<span class=\"pp-button-text\">\n\t\t\t\t\tRead More...\t\t\t\t<\/span>\n\t\t\t\t\t\t\t\t\t<span class=\"pp-button-icon elementor-button-icon elementor-align-icon-right\">\n\t\t\t\t\t\t\t<\/span>\n\t\t\t\t\t<\/a>\n\t\t\t\t\t\t\t\t<\/div>\n\n\t\t\t\t\t\t\t<\/div>\n\t\t\t\t\t<\/div>\n\t\t\t\t<div class=\"pp-post-wrap pp-grid-item-wrap elementor-grid-item post-1806 post type-post status-publish format-standard hentry category-uncategorized\">\n\t\t\t\t\t\t<div class=\"pp-post pp-grid-item\">\n\t\t\t\t\n\t\t\t\t\n\t\t\t\t<div class=\"pp-post-content-wrap\">\n\t\t\t\t\t<div class=\"pp-post-content\">\n\t\t\t\t\t\t\t\t\t\t\t\t<h2 class=\"pp-post-title\">\n\t\t\t\t<a href=\"https:\/\/beta10.technodreamcenter.com\/parkswatch.org\/nuevo-teleferico-en-el-avila-buenas-o-malas-noticias\/\">Nuevo Telef\u00e9rico en el \u00c1vila: \u00bfBuenas o Malas Noticias?<\/a>\t\t\t<\/h2>\n\t\t\t\t\t\t\t<div class=\"pp-post-separator-wrap\">\n\t\t\t\t\t<div class=\"pp-post-separator\"><\/div>\n\t\t\t\t<\/div>\n\t\t\t\t\t\t\t\t\t\t<div class=\"pp-post-meta\">\n\t\t\t\t\t\t\t\t<span class=\"pp-post-date\">\n\t\t\t\t\t\t<span class=\"pp-meta-text\">\n\t\t\t\tFebruary 19, 2025\t\t\t<\/span>\n\t\t<\/span>\n\t\t<span class=\"pp-meta-separator\"><\/span>\n\t\t\t\t\t\t\t<\/div>\n\t\t\t\t\t\t\t<div class=\"pp-post-excerpt\">\n\t\t\t<p>El Telef\u00e9rico del Avila reabri\u00f3 sus puertas a los visitantes el 9 de febrero de este a\u00f1o permitiendo a miles ...<\/p>\n\t\t<\/div>\n\t\t\t\t\t\t\t\t\t<\/div>\n\t\t\t\t\t\t\t\t\t<a class=\"pp-posts-button elementor-button elementor-size-sm elementor-animation-grow\" href=\"https:\/\/beta10.technodreamcenter.com\/parkswatch.org\/nuevo-teleferico-en-el-avila-buenas-o-malas-noticias\/\" title=\"Nuevo Telef\u00e9rico en el \u00c1vila: \u00bfBuenas o Malas Noticias?\" aria-label=\"Read more about Nuevo Telef\u00e9rico en el \u00c1vila: \u00bfBuenas o Malas Noticias?\">\n\t\t\t\t\t\t\t\t\t\t<span class=\"pp-button-text\">\n\t\t\t\t\tRead More...\t\t\t\t<\/span>\n\t\t\t\t\t\t\t\t\t<span class=\"pp-button-icon elementor-button-icon elementor-align-icon-right\">\n\t\t\t\t\t\t\t<\/span>\n\t\t\t\t\t<\/a>\n\t\t\t\t\t\t\t\t<\/div>\n\n\t\t\t\t\t\t\t<\/div>\n\t\t\t\t\t<\/div>\n\t\t\t\t<div class=\"pp-post-wrap pp-grid-item-wrap elementor-grid-item post-1804 post type-post status-publish format-standard hentry category-uncategorized\">\n\t\t\t\t\t\t<div class=\"pp-post pp-grid-item\">\n\t\t\t\t\n\t\t\t\t\n\t\t\t\t<div class=\"pp-post-content-wrap\">\n\t\t\t\t\t<div class=\"pp-post-content\">\n\t\t\t\t\t\t\t\t\t\t\t\t<h2 class=\"pp-post-title\">\n\t\t\t\t<a href=\"https:\/\/beta10.technodreamcenter.com\/parkswatch.org\/new-cable-car-in-avila-national-park-good-or-bad-news\/\">New Cable Car in Avila National Park: Good or Bad News?<\/a>\t\t\t<\/h2>\n\t\t\t\t\t\t\t<div class=\"pp-post-separator-wrap\">\n\t\t\t\t\t<div class=\"pp-post-separator\"><\/div>\n\t\t\t\t<\/div>\n\t\t\t\t\t\t\t\t\t\t<div class=\"pp-post-meta\">\n\t\t\t\t\t\t\t\t<span class=\"pp-post-date\">\n\t\t\t\t\t\t<span class=\"pp-meta-text\">\n\t\t\t\tFebruary 19, 2025\t\t\t<\/span>\n\t\t<\/span>\n\t\t<span class=\"pp-meta-separator\"><\/span>\n\t\t\t\t\t\t\t<\/div>\n\t\t\t\t\t\t\t<div class=\"pp-post-excerpt\">\n\t\t\t<p>The cable car that runs from Caracas to Avila National Park was reopened to visitors on February 9, 2002. It ...<\/p>\n\t\t<\/div>\n\t\t\t\t\t\t\t\t\t<\/div>\n\t\t\t\t\t\t\t\t\t<a class=\"pp-posts-button elementor-button elementor-size-sm elementor-animation-grow\" href=\"https:\/\/beta10.technodreamcenter.com\/parkswatch.org\/new-cable-car-in-avila-national-park-good-or-bad-news\/\" title=\"New Cable Car in Avila National Park: Good or Bad News?\" aria-label=\"Read more about New Cable Car in Avila National Park: Good or Bad News?\">\n\t\t\t\t\t\t\t\t\t\t<span class=\"pp-button-text\">\n\t\t\t\t\tRead More...\t\t\t\t<\/span>\n\t\t\t\t\t\t\t\t\t<span class=\"pp-button-icon elementor-button-icon elementor-align-icon-right\">\n\t\t\t\t\t\t\t<\/span>\n\t\t\t\t\t<\/a>\n\t\t\t\t\t\t\t\t<\/div>\n\n\t\t\t\t\t\t\t<\/div>\n\t\t\t\t\t<\/div>\n\t\t\t\t<div class=\"pp-post-wrap pp-grid-item-wrap elementor-grid-item post-1799 post type-post status-publish format-standard hentry category-uncategorized\">\n\t\t\t\t\t\t<div class=\"pp-post pp-grid-item\">\n\t\t\t\t\n\t\t\t\t\n\t\t\t\t<div class=\"pp-post-content-wrap\">\n\t\t\t\t\t<div class=\"pp-post-content\">\n\t\t\t\t\t\t\t\t\t\t\t\t<h2 class=\"pp-post-title\">\n\t\t\t\t<a href=\"https:\/\/beta10.technodreamcenter.com\/parkswatch.org\/cancelada-concesion-petrolera-en-el-lago-izabal\/\">Cancelada Concesi\u00f3n Petrolera en el Lago Izabal<\/a>\t\t\t<\/h2>\n\t\t\t\t\t\t\t<div class=\"pp-post-separator-wrap\">\n\t\t\t\t\t<div class=\"pp-post-separator\"><\/div>\n\t\t\t\t<\/div>\n\t\t\t\t\t\t\t\t\t\t<div class=\"pp-post-meta\">\n\t\t\t\t\t\t\t\t<span class=\"pp-post-date\">\n\t\t\t\t\t\t<span class=\"pp-meta-text\">\n\t\t\t\tFebruary 19, 2025\t\t\t<\/span>\n\t\t<\/span>\n\t\t<span class=\"pp-meta-separator\"><\/span>\n\t\t\t\t\t\t\t<\/div>\n\t\t\t\t\t\t\t<div class=\"pp-post-excerpt\">\n\t\t\t<p>El lago de Izabal por el momento ha dejado de estar amenazado por la explotaci\u00f3n petrolera. La presi\u00f3n de grupos ...<\/p>\n\t\t<\/div>\n\t\t\t\t\t\t\t\t\t<\/div>\n\t\t\t\t\t\t\t\t\t<a class=\"pp-posts-button elementor-button elementor-size-sm elementor-animation-grow\" href=\"https:\/\/beta10.technodreamcenter.com\/parkswatch.org\/cancelada-concesion-petrolera-en-el-lago-izabal\/\" title=\"Cancelada Concesi\u00f3n Petrolera en el Lago Izabal\" aria-label=\"Read more about Cancelada Concesi\u00f3n Petrolera en el Lago Izabal\">\n\t\t\t\t\t\t\t\t\t\t<span class=\"pp-button-text\">\n\t\t\t\t\tRead More...\t\t\t\t<\/span>\n\t\t\t\t\t\t\t\t\t<span class=\"pp-button-icon elementor-button-icon elementor-align-icon-right\">\n\t\t\t\t\t\t\t<\/span>\n\t\t\t\t\t<\/a>\n\t\t\t\t\t\t\t\t<\/div>\n\n\t\t\t\t\t\t\t<\/div>\n\t\t\t\t\t<\/div>\n\t\t\t\t<div class=\"pp-post-wrap pp-grid-item-wrap elementor-grid-item post-1794 post type-post status-publish format-standard hentry category-uncategorized\">\n\t\t\t\t\t\t<div class=\"pp-post pp-grid-item\">\n\t\t\t\t\n\t\t\t\t\n\t\t\t\t<div class=\"pp-post-content-wrap\">\n\t\t\t\t\t<div class=\"pp-post-content\">\n\t\t\t\t\t\t\t\t\t\t\t\t<h2 class=\"pp-post-title\">\n\t\t\t\t<a href=\"https:\/\/beta10.technodreamcenter.com\/parkswatch.org\/lake-izabal-petroleum-concession-cancelled\/\">Lake Izabal Petroleum Concession Cancelled<\/a>\t\t\t<\/h2>\n\t\t\t\t\t\t\t<div class=\"pp-post-separator-wrap\">\n\t\t\t\t\t<div class=\"pp-post-separator\"><\/div>\n\t\t\t\t<\/div>\n\t\t\t\t\t\t\t\t\t\t<div class=\"pp-post-meta\">\n\t\t\t\t\t\t\t\t<span class=\"pp-post-date\">\n\t\t\t\t\t\t<span class=\"pp-meta-text\">\n\t\t\t\tFebruary 19, 2025\t\t\t<\/span>\n\t\t<\/span>\n\t\t<span class=\"pp-meta-separator\"><\/span>\n\t\t\t\t\t\t\t<\/div>\n\t\t\t\t\t\t\t<div class=\"pp-post-excerpt\">\n\t\t\t<p>For the time being, Guatemala's largest lake, Lake Izabal is safe from oil exploitation. The president of Guatemala, Alfonso Portillo, ...<\/p>\n\t\t<\/div>\n\t\t\t\t\t\t\t\t\t<\/div>\n\t\t\t\t\t\t\t\t\t<a class=\"pp-posts-button elementor-button elementor-size-sm elementor-animation-grow\" href=\"https:\/\/beta10.technodreamcenter.com\/parkswatch.org\/lake-izabal-petroleum-concession-cancelled\/\" title=\"Lake Izabal Petroleum Concession Cancelled\" aria-label=\"Read more about Lake Izabal Petroleum Concession Cancelled\">\n\t\t\t\t\t\t\t\t\t\t<span class=\"pp-button-text\">\n\t\t\t\t\tRead More...\t\t\t\t<\/span>\n\t\t\t\t\t\t\t\t\t<span class=\"pp-button-icon elementor-button-icon elementor-align-icon-right\">\n\t\t\t\t\t\t\t<\/span>\n\t\t\t\t\t<\/a>\n\t\t\t\t\t\t\t\t<\/div>\n\n\t\t\t\t\t\t\t<\/div>\n\t\t\t\t\t<\/div>\n\t\t\t\t<div class=\"pp-post-wrap pp-grid-item-wrap elementor-grid-item post-1785 post type-post status-publish format-standard hentry category-uncategorized\">\n\t\t\t\t\t\t<div class=\"pp-post pp-grid-item\">\n\t\t\t\t\n\t\t\t\t\n\t\t\t\t<div class=\"pp-post-content-wrap\">\n\t\t\t\t\t<div class=\"pp-post-content\">\n\t\t\t\t\t\t\t\t\t\t\t\t<h2 class=\"pp-post-title\">\n\t\t\t\t<a href=\"https:\/\/beta10.technodreamcenter.com\/parkswatch.org\/parkswatch-denounces-illegal-hunting-in-el-mirador-rio-azul-national-park-guatemala\/\">Brazilian Government Announces the Creation of 20 Million Hectares of New Protected Areas in the Amazon Basin<\/a>\t\t\t<\/h2>\n\t\t\t\t\t\t\t<div class=\"pp-post-separator-wrap\">\n\t\t\t\t\t<div class=\"pp-post-separator\"><\/div>\n\t\t\t\t<\/div>\n\t\t\t\t\t\t\t\t\t\t<div class=\"pp-post-meta\">\n\t\t\t\t\t\t\t\t<span class=\"pp-post-date\">\n\t\t\t\t\t\t<span class=\"pp-meta-text\">\n\t\t\t\tFebruary 19, 2025\t\t\t<\/span>\n\t\t<\/span>\n\t\t<span class=\"pp-meta-separator\"><\/span>\n\t\t\t\t\t\t\t<\/div>\n\t\t\t\t\t\t\t<div class=\"pp-post-excerpt\">\n\t\t\t<p>he Brazilian Minister of Agrarian Development, Raul Jungman*, announced on March 6th the creation of 20 million hectares of new ...<\/p>\n\t\t<\/div>\n\t\t\t\t\t\t\t\t\t<\/div>\n\t\t\t\t\t\t\t\t\t<a class=\"pp-posts-button elementor-button elementor-size-sm elementor-animation-grow\" href=\"https:\/\/beta10.technodreamcenter.com\/parkswatch.org\/parkswatch-denounces-illegal-hunting-in-el-mirador-rio-azul-national-park-guatemala\/\" title=\"Brazilian Government Announces the Creation of 20 Million Hectares of New Protected Areas in the Amazon Basin\" aria-label=\"Read more about Brazilian Government Announces the Creation of 20 Million Hectares of New Protected Areas in the Amazon Basin\">\n\t\t\t\t\t\t\t\t\t\t<span class=\"pp-button-text\">\n\t\t\t\t\tRead More...\t\t\t\t<\/span>\n\t\t\t\t\t\t\t\t\t<span class=\"pp-button-icon elementor-button-icon elementor-align-icon-right\">\n\t\t\t\t\t\t\t<\/span>\n\t\t\t\t\t<\/a>\n\t\t\t\t\t\t\t\t<\/div>\n\n\t\t\t\t\t\t\t<\/div>\n\t\t\t\t\t<\/div>\n\t\t\t\t\t\t\t\t\t<\/div>\n\t\t\t\n\t\t\t\n\t\t\t\n\t\t\t\n\t\t\t\t\t\t\t\t\t\t\t<div class=\"pp-posts-pagination-wrap pp-posts-pagination-bottom\">\n\t\t\t\t\t\t\t\t<nav class=\"pp-posts-pagination pp-posts-pagination-ajax elementor-pagination\" role=\"navigation\" aria-label=\"Pagination\" data-total=\"8\">\n\t\t\t\t<span aria-current=\"page\" class=\"page-numbers current\">1<\/span>\n<a class=\"page-numbers\" href=\"https:\/\/beta10.technodreamcenter.com\/parkswatch.org\/wp-json\/wp\/v2\/pages\/1345\/page\/2\/\">2<\/a>\n<a class=\"page-numbers\" href=\"https:\/\/beta10.technodreamcenter.com\/parkswatch.org\/wp-json\/wp\/v2\/pages\/1345\/page\/3\/\">3<\/a>\n<a class=\"page-numbers\" href=\"https:\/\/beta10.technodreamcenter.com\/parkswatch.org\/wp-json\/wp\/v2\/pages\/1345\/page\/4\/\">4<\/a>\n<a class=\"page-numbers\" href=\"https:\/\/beta10.technodreamcenter.com\/parkswatch.org\/wp-json\/wp\/v2\/pages\/1345\/page\/5\/\">5<\/a>\n<a class=\"page-numbers\" href=\"https:\/\/beta10.technodreamcenter.com\/parkswatch.org\/wp-json\/wp\/v2\/pages\/1345\/page\/6\/\">6<\/a>\n<a class=\"page-numbers\" href=\"https:\/\/beta10.technodreamcenter.com\/parkswatch.org\/wp-json\/wp\/v2\/pages\/1345\/page\/7\/\">7<\/a>\n<a class=\"page-numbers\" href=\"https:\/\/beta10.technodreamcenter.com\/parkswatch.org\/wp-json\/wp\/v2\/pages\/1345\/page\/8\/\">8<\/a>\n<a class=\"next page-numbers\" href=\"https:\/\/beta10.technodreamcenter.com\/parkswatch.org\/wp-json\/wp\/v2\/pages\/1345\/page\/2\/\">Next &raquo;<\/a>\t\t\t<\/nav>\n\t\t\t\t\t\t\t<\/div>\n\t\t\t\t\t\t\t\t\t<\/div>\n\n\t\t\n\t\t\t\t\t\t<\/div>\n\t\t\t\t<\/div>\n\t\t\t\t\t<\/div>\n\t\t\t\t<\/div>\n\t\t\t\t<\/div>\n\t\t","protected":false},"excerpt":{"rendered":"<p>News From The Field Un incendio en el Parque Nacional El \u00c1vila Deja Sin Electricidad a Caracas February 12, 2025 El 5 de Marzo, un incendio forestal en la vertiente Sur del Parque Nacional El \u00c1vila ocasion\u00f3 una falla el\u00e9ctrica &#8230; Read More&#8230; Reserva de la Biosfera Lacant\u00fan: El Comienzo de una Historia de Destrucci\u00f3n [&hellip;]<\/p>\n","protected":false},"author":1,"featured_media":0,"parent":0,"menu_order":0,"comment_status":"closed","ping_status":"closed","template":"","meta":{"_acf_changed":false,"footnotes":""},"class_list":["post-1345","page","type-page","status-publish","hentry"],"acf":[],"_links":{"self":[{"href":"https:\/\/beta10.technodreamcenter.com\/parkswatch.org\/wp-json\/wp\/v2\/pages\/1345","targetHints":{"allow":["GET"]}}],"collection":[{"href":"https:\/\/beta10.technodreamcenter.com\/parkswatch.org\/wp-json\/wp\/v2\/pages"}],"about":[{"href":"https:\/\/beta10.technodreamcenter.com\/parkswatch.org\/wp-json\/wp\/v2\/types\/page"}],"author":[{"embeddable":true,"href":"https:\/\/beta10.technodreamcenter.com\/parkswatch.org\/wp-json\/wp\/v2\/users\/1"}],"replies":[{"embeddable":true,"href":"https:\/\/beta10.technodreamcenter.com\/parkswatch.org\/wp-json\/wp\/v2\/comments?post=1345"}],"version-history":[{"count":34,"href":"https:\/\/beta10.technodreamcenter.com\/parkswatch.org\/wp-json\/wp\/v2\/pages\/1345\/revisions"}],"predecessor-version":[{"id":1565,"href":"https:\/\/beta10.technodreamcenter.com\/parkswatch.org\/wp-json\/wp\/v2\/pages\/1345\/revisions\/1565"}],"wp:attachment":[{"href":"https:\/\/beta10.technodreamcenter.com\/parkswatch.org\/wp-json\/wp\/v2\/media?parent=1345"}],"curies":[{"name":"wp","href":"https:\/\/api.w.org\/{rel}","templated":true}]}}