{"id":16,"date":"2025-03-11T03:09:31","date_gmt":"2025-03-11T03:09:31","guid":{"rendered":"http:\/\/beta10.technodreamcenter.com\/kevinsallseasons.com\/?page_id=16"},"modified":"2025-03-18T05:00:08","modified_gmt":"2025-03-18T05:00:08","slug":"services","status":"publish","type":"page","link":"https:\/\/beta10.technodreamcenter.com\/kevinsallseasons.com\/services\/","title":{"rendered":"Services"},"content":{"rendered":"\t\t<div data-elementor-type=\"wp-page\" data-elementor-id=\"16\" class=\"elementor elementor-16\">\n\t\t\t\t<div class=\"elementor-element elementor-element-ec87bca e-con-full e-flex wpr-particle-no wpr-jarallax-no wpr-parallax-no wpr-sticky-section-no e-con e-parent\" data-id=\"ec87bca\" data-element_type=\"container\" id=\"content\">\n\t\t<div class=\"elementor-element elementor-element-f183b4c e-flex e-con-boxed wpr-particle-no wpr-jarallax-no wpr-parallax-no wpr-sticky-section-no e-con e-child\" data-id=\"f183b4c\" data-element_type=\"container\">\n\t\t\t\t\t<div class=\"e-con-inner\">\n\t\t\t\t<div class=\"elementor-element elementor-element-5a49b86 elementor-widget elementor-widget-heading\" data-id=\"5a49b86\" data-element_type=\"widget\" data-widget_type=\"heading.default\">\n\t\t\t\t<div class=\"elementor-widget-container\">\n\t\t\t\t\t<h2 class=\"elementor-heading-title elementor-size-default\">Services<\/h2>\t\t\t\t<\/div>\n\t\t\t\t<\/div>\n\t\t\t\t<div class=\"elementor-element elementor-element-462b975 elementor-widget elementor-widget-heading\" data-id=\"462b975\" data-element_type=\"widget\" data-widget_type=\"heading.default\">\n\t\t\t\t<div class=\"elementor-widget-container\">\n\t\t\t\t\t<h2 class=\"elementor-heading-title elementor-size-default\">Landscape design<\/h2>\t\t\t\t<\/div>\n\t\t\t\t<\/div>\n\t\t\t\t<div class=\"elementor-element elementor-element-49109e2 elementor-widget elementor-widget-text-editor\" data-id=\"49109e2\" data-element_type=\"widget\" data-widget_type=\"text-editor.default\">\n\t\t\t\t<div class=\"elementor-widget-container\">\n\t\t\t\t\t\t\t\t\tCall today for your free consultation and let Kevin&#8217;s All Season your yard or commercial property Landscape Hardscape maintenance packages follow us on facebook instagram or give us a call 313-725-0675\t\t\t\t\t\t\t\t<\/div>\n\t\t\t\t<\/div>\n\t\t\t\t<div class=\"elementor-element elementor-element-5aa029a elementor-widget elementor-widget-text-editor\" data-id=\"5aa029a\" data-element_type=\"widget\" data-widget_type=\"text-editor.default\">\n\t\t\t\t<div class=\"elementor-widget-container\">\n\t\t\t\t\t\t\t\t\t<strong>Services Areas:<\/strong> Wayne, Washtenaw, Macomb, and Oakland. County.\t\t\t\t\t\t\t\t<\/div>\n\t\t\t\t<\/div>\n\t\t\t\t<div class=\"elementor-element elementor-element-dabfaf3 elementor-widget-tablet__width-initial elementor-widget elementor-widget-text-editor\" data-id=\"dabfaf3\" data-element_type=\"widget\" data-widget_type=\"text-editor.default\">\n\t\t\t\t<div class=\"elementor-widget-container\">\n\t\t\t\t\t\t\t\t\t<p><strong>Other services:<\/strong><br \/>\u00d8 Property Maintenance<br \/>\u00d8 Concrete Work<br \/>\u00d8 Landscaping<br \/>\u00d8 Irrigation Installs<br \/>\u00d8 Paving Installation<br \/>\u00d8 Snow Plowing &amp; Ice Management.<\/p>\t\t\t\t\t\t\t\t<\/div>\n\t\t\t\t<\/div>\n\t\t\t\t\t<\/div>\n\t\t\t\t<\/div>\n\t\t\t\t<\/div>\n\t\t\t\t<\/div>\n\t\t","protected":false},"excerpt":{"rendered":"<p>Services Landscape design Call today for your free consultation and let Kevin&#8217;s All Season your yard or commercial property Landscape Hardscape maintenance packages follow us on facebook instagram or give us a call 313-725-0675Services Areas: Wayne, Washtenaw, Macomb, and Oakland. County. Other services:\u00d8 Property Maintenance\u00d8 Concrete Work\u00d8 Landscaping\u00d8 Irrigation Installs\u00d8 Paving Installation\u00d8 Snow Plowing &amp; Ice Management.<\/p>\n","protected":false},"author":1,"featured_media":0,"parent":0,"menu_order":0,"comment_status":"closed","ping_status":"closed","template":"elementor_header_footer","meta":{"footnotes":""},"class_list":["post-16","page","type-page","status-publish","hentry"],"_links":{"self":[{"href":"https:\/\/beta10.technodreamcenter.com\/kevinsallseasons.com\/wp-json\/wp\/v2\/pages\/16","targetHints":{"allow":["GET"]}}],"collection":[{"href":"https:\/\/beta10.technodreamcenter.com\/kevinsallseasons.com\/wp-json\/wp\/v2\/pages"}],"about":[{"href":"https:\/\/beta10.technodreamcenter.com\/kevinsallseasons.com\/wp-json\/wp\/v2\/types\/page"}],"author":[{"embeddable":true,"href":"https:\/\/beta10.technodreamcenter.com\/kevinsallseasons.com\/wp-json\/wp\/v2\/users\/1"}],"replies":[{"embeddable":true,"href":"https:\/\/beta10.technodreamcenter.com\/kevinsallseasons.com\/wp-json\/wp\/v2\/comments?post=16"}],"version-history":[{"count":31,"href":"https:\/\/beta10.technodreamcenter.com\/kevinsallseasons.com\/wp-json\/wp\/v2\/pages\/16\/revisions"}],"predecessor-version":[{"id":1396,"href":"https:\/\/beta10.technodreamcenter.com\/kevinsallseasons.com\/wp-json\/wp\/v2\/pages\/16\/revisions\/1396"}],"wp:attachment":[{"href":"https:\/\/beta10.technodreamcenter.com\/kevinsallseasons.com\/wp-json\/wp\/v2\/media?parent=16"}],"curies":[{"name":"wp","href":"https:\/\/api.w.org\/{rel}","templated":true}]}}